{"id":161,"date":"2015-07-23T14:52:59","date_gmt":"2015-07-23T12:52:59","guid":{"rendered":"http:\/\/atarimuseum.nl\/?page_id=161"},"modified":"2026-03-01T14:39:38","modified_gmt":"2026-03-01T12:39:38","slug":"atari-pc-software","status":"publish","type":"page","link":"https:\/\/atarimuseum.nl\/nl\/atari-pc-software\/","title":{"rendered":"Atari PC Software"},"content":{"rendered":"<p class=\"has-white-color has-text-color\">Atarisoft was een merknaam die in 1983 en 1984 door Atari Inc. werd gebruikt om spellen op de markt te brengen voor home computers en spelcomputers van concurrenten. De verpakkingen hadden voor iedere (spel)computer een specifieke kleur. Zo werden de spellen voor de Commodore 64 verkocht in groene verpakkingen, spellen voor de Texas Instruments TI-99\/4A in geel, spellen voor de IBM PC in blauw enzovoort. Hoewel Atarisoft nog geen twee jaar heeft bestaan, bestond de catalogus van spellen uit tientallen spelversies voor verschillende home computers en spelcomputers. Bijna alle Atarisoft-titels werden geproduceerd door onafhankelijke softwarebedrijven, aangezien Atari zelf alleen voor de eigen systemen ontwikkelde.<\/p>\n\n\n\n<p class=\"has-white-color has-text-color\">De Atarisoft-verpakkingen droegen niet Atari's populaire \"fuji\" logo noch de offici\u00eble logo's van de spellen. De namen van de spellen werden in een ander lettertype afgebeeld. De merknaam Atarisoft werd gebruikt op de spellendozen, handleidingen en advertenties, maar de merknaam die op de titelschermen van deze spellen werd afgebeeld was meestal Atari en niet Atarisoft.<\/p>\n\n\n\n<p>Dit is de software collectie (originele versies, g\u00e9\u00e9n kopi\u00ebn!). Niets uit deze collectie is te koop. Als je een artikel hebt dat niet op de lijst staat, neem dan contact met me op en misschien kunnen we tot een deal komen. Donaties zijn uiteraard ook welkom\ud83d\ude42<\/p>\n\n\n\n<p class=\"has-white-color has-text-color\">NB: De Atarisoft collectie voor andere (spel)computers kan gevonden worden op de <a href=\"https:\/\/atarimuseum.nl\/nl\/atarisoft\/\" data-type=\"page\" data-id=\"3824\">Atarisoft<\/a> pagina.<\/p>\n\n\n\n<figure class=\"wp-block-table is-style-stripes\"><table class=\"has-white-color has-text-color\"><thead><tr><th>Titel<\/th><th>Uitgever<\/th><th>Doos grootte<\/th><th>los\/in doos<\/th><\/tr><\/thead><tbody><tr><td>Asteroids<\/td><td>Activision<\/td><td>large<\/td><td>boxed<\/td><\/tr><tr><td>Atari 2600 Action pack<\/td><td>Activision<\/td><td>large<\/td><td>boxed<\/td><\/tr><tr><td>Atari 80 classics in one (best of atari)<\/td><td>Atari<\/td><td>dvdbox<\/td><td>boxed<\/td><\/tr><tr><td>Atari anniversary edition<\/td><td>Atari<\/td><td>dvdbox<\/td><td>boxed<\/td><\/tr><tr><td>Atari Arcade hits: Volume 1<\/td><td>Atari<\/td><td>large<\/td><td>boxed<\/td><\/tr><tr><td>Atari Arcade hits: Volume 2<\/td><td>Atari<\/td><td>large<\/td><td>boxed<\/td><\/tr><tr><td>Atari kids 2006<\/td><td>Atari<\/td><td>large<\/td><td>boxed<\/td><\/tr><tr><td>Battlezone<\/td><td>Activision<\/td><td>large<\/td><td>boxed<\/td><\/tr><tr><td>Breakout FR<\/td><td>Atari<\/td><td>large<\/td><td>boxed<\/td><\/tr><tr><td>Breakout NL\/BE<\/td><td>Atari<\/td><td>cd-case<\/td><td>boxed<\/td><\/tr><tr><td>Centipede<\/td><td>Atari<\/td><td>cd-case<\/td><td>boxed<\/td><\/tr><tr><td>Combat<\/td><td>Atari<\/td><td>dvdbox<\/td><td>boxed<\/td><\/tr><tr><td>Dig Dug<\/td><td>Atari<\/td><td>dvdbox<\/td><td>boxed<\/td><\/tr><tr><td>Frogger<\/td><td>Hasbro Interactive<\/td><td>large<\/td><td>boxed<\/td><\/tr><tr><td>Missile command (blue box)<\/td><td>Atari<\/td><td>large<\/td><td>boxed<\/td><\/tr><tr><td>Missile command (orange box)<\/td><td>Atari<\/td><td>large<\/td><td>boxed<\/td><\/tr><tr><td>Nerf Arena<\/td><td>Atari<\/td><td>large<\/td><td>boxed<\/td><\/tr><tr><td>Pitfall mayan adventure<\/td><td>Activision<\/td><td>large<\/td><td>boxed<\/td><\/tr><tr><td>Pong<\/td><td>Atari<\/td><td>large<\/td><td>boxed<\/td><\/tr><tr><td>Q-bert<\/td><td>Atari<\/td><td>large<\/td><td>boxed<\/td><\/tr><tr><td>Space Invaders<\/td><td>Activision<\/td><td>large<\/td><td>boxed<\/td><\/tr><tr><td>Tempest 2000<\/td><td>Atari Interactive<\/td><td>large<\/td><td>boxed<\/td><\/tr><tr><td>The Next Tetris<\/td><td>Atari<\/td><td>large<\/td><td>boxed<\/td><\/tr><tr><td>The Next Tetris<\/td><td>Atari<\/td><td>cd-case<\/td><td>boxed<\/td><\/tr><tr><td>The Next Tetris (ultra entertainment)<\/td><td>Hasbro Interactive<\/td><td>cd-case<\/td><td>boxed<\/td><\/tr><\/tbody><\/table><\/figure>\n\n\n<div class=\"wp-block-image\">\n<figure class=\"aligncenter\"><img loading=\"lazy\" decoding=\"async\" width=\"900\" height=\"157\" src=\"http:\/\/atarimuseum.nl\/wp-content\/uploads\/2015\/07\/pcsoft.jpg\" alt=\"pcsoft\" class=\"wp-image-284\" srcset=\"https:\/\/atarimuseum.nl\/wp-content\/uploads\/2015\/07\/pcsoft.jpg 900w, https:\/\/atarimuseum.nl\/wp-content\/uploads\/2015\/07\/pcsoft-300x52.jpg 300w, https:\/\/atarimuseum.nl\/wp-content\/uploads\/2015\/07\/pcsoft-150x26.jpg 150w, https:\/\/atarimuseum.nl\/wp-content\/uploads\/2015\/07\/pcsoft-640x112.jpg 640w\" sizes=\"auto, (max-width: 900px) 100vw, 900px\" \/><\/figure>\n<\/div>\n\n\n<p class=\"has-text-align-center\">&nbsp;<\/p>","protected":false},"excerpt":{"rendered":"<p>Atarisoft was a brand name used by Atari, Inc in 1983 and 1984 to market video games they published for home systems made by their competitors. Each platform had a<\/p>\n<p class=\"more-link\"><a href=\"https:\/\/atarimuseum.nl\/nl\/atari-pc-software\/\" class=\"readmore\">Lees verder<span class=\"screen-reader-text\">Atari PC Software<\/span><\/a><\/p>","protected":false},"author":1,"featured_media":4685,"parent":0,"menu_order":0,"comment_status":"closed","ping_status":"open","template":"","meta":{"footnotes":""},"class_list":["post-161","page","type-page","status-publish","has-post-thumbnail","hentry"],"_links":{"self":[{"href":"https:\/\/atarimuseum.nl\/nl\/wp-json\/wp\/v2\/pages\/161","targetHints":{"allow":["GET"]}}],"collection":[{"href":"https:\/\/atarimuseum.nl\/nl\/wp-json\/wp\/v2\/pages"}],"about":[{"href":"https:\/\/atarimuseum.nl\/nl\/wp-json\/wp\/v2\/types\/page"}],"author":[{"embeddable":true,"href":"https:\/\/atarimuseum.nl\/nl\/wp-json\/wp\/v2\/users\/1"}],"replies":[{"embeddable":true,"href":"https:\/\/atarimuseum.nl\/nl\/wp-json\/wp\/v2\/comments?post=161"}],"version-history":[{"count":9,"href":"https:\/\/atarimuseum.nl\/nl\/wp-json\/wp\/v2\/pages\/161\/revisions"}],"predecessor-version":[{"id":8468,"href":"https:\/\/atarimuseum.nl\/nl\/wp-json\/wp\/v2\/pages\/161\/revisions\/8468"}],"wp:featuredmedia":[{"embeddable":true,"href":"https:\/\/atarimuseum.nl\/nl\/wp-json\/wp\/v2\/media\/4685"}],"wp:attachment":[{"href":"https:\/\/atarimuseum.nl\/nl\/wp-json\/wp\/v2\/media?parent=161"}],"curies":[{"name":"wp","href":"https:\/\/api.w.org\/{rel}","templated":true}]}}